{"id":799,"date":"2021-12-23T15:27:40","date_gmt":"2021-12-23T14:27:40","guid":{"rendered":"https:\/\/eic001.dev.360vier.net\/?page_id=799"},"modified":"2022-03-18T16:12:32","modified_gmt":"2022-03-18T15:12:32","slug":"datenschutzerklaerung","status":"publish","type":"page","link":"https:\/\/eoipsocommunications.com\/de\/datenschutzerklaerung\/","title":{"rendered":"Datenschutzerkl\u00e4rung"},"content":{"rendered":"\n<h2 class=\"wp-block-heading\">Datenschutzerkl\u00e4rung<\/h2>\n\n\n\n<p class=\"wp-block-paragraph\"><strong>Letzte Aktualisierung: 17. M\u00e4rz 2022<\/strong><\/p>\n\n\n\n<p class=\"wp-block-paragraph\">Vielen Dank, dass Sie sich daf\u00fcr entschieden haben, Teil unserer Gemeinschaft bei Eo Ipso Communications GmbH (\u201eUnternehmen\u201c, \u201ewir\u201c, \u201euns\u201c oder \u201eunser\u201c) zu werden. Wir f\u00fchlen uns dem Schutz Ihrer pers\u00f6nlichen Daten und Ihres Rechts auf Privatsph\u00e4re verpflichtet. Wenn Sie Fragen oder Bedenken zu unserer Politik oder unseren Praktiken in Bezug auf Ihre pers\u00f6nlichen Daten haben, wenden Sie sich bitte an uns.<\/p>\n\n\n\n<p class=\"wp-block-paragraph\"><br>Wenn Sie unsere Website&nbsp;<a class=\"\" href=\"https:\/\/eoipsocommunications.com\/\">http:\/\/eoipsocomms.com<\/a>&nbsp;besuchen und unsere Dienste nutzen, vertrauen Sie uns Ihre pers\u00f6nlichen Daten an. Wir nehmen Ihre Privatsph\u00e4re sehr ernst. In dieser Datenschutzrichtlinie versuchen wir, Ihnen so klar wie m\u00f6glich zu erkl\u00e4ren, welche Informationen wir sammeln, wie wir sie verwenden und welche Rechte Sie in Bezug auf diese Informationen haben. Wir hoffen, dass Sie sich die Zeit nehmen, sie sorgf\u00e4ltig durchzulesen, denn sie ist wichtig. Falls es in dieser Datenschutzrichtlinie Bedingungen gibt, mit denen Sie nicht einverstanden sind, stellen Sie bitte die Nutzung unserer Websites und unserer Dienste ein.<\/p>\n\n\n\n<p class=\"wp-block-paragraph\"><br>Diese Datenschutzrichtlinie gilt f\u00fcr alle Informationen, die \u00fcber unsere Website (wie z.B.&nbsp;<a class=\"\" href=\"https:\/\/eoipsocommunications.com\/\">http:\/\/eoipsocomms.com<\/a>) und\/oder damit verbundene Dienstleistungen, Verk\u00e4ufe, Marketing oder Veranstaltungen gesammelt werden (wir bezeichnen sie in dieser Datenschutzrichtlinie zusammenfassend als \u201eDienstleistungen\u201c).<\/p>\n\n\n\n<p class=\"wp-block-paragraph\"><br><strong>Bitte lesen Sie diese Datenschutzrichtlinie sorgf\u00e4ltig durch, da sie Ihnen helfen wird, fundierte Entscheidungen \u00fcber die Weitergabe Ihrer pers\u00f6nlichen Daten an uns zu treffen.<\/strong><\/p>\n\n\n\n<p class=\"wp-block-paragraph\"><strong>INHALTSVERZEICHNIS<br><\/strong>1. WELCHE INFORMATIONEN SAMMELN WIR?<br>2. WIE VERWENDEN WIR IHRE INFORMATIONEN?<br>3. WERDEN IHRE INFORMATIONEN MIT JEDERMANN GETEILT?<br>4. MIT WEM WERDEN IHRE INFORMATIONEN GETEILT?<br>5. VERWENDEN WIR COOKIES UND ANDERE VERFOLGUNGSTECHNOLOGIEN?<br>6. WIE LANGE BEWAHREN WIR IHRE INFORMATIONEN AUF?<br>7. WIE BEWAHREN WIR IHRE INFORMATIONEN SICHER AUF?<br>8. SAMMELN WIR INFORMATIONEN VON MINDERJ\u00c4HRIGEN?<br>9. WAS SIND IHRE RECHTE AUF PRIVATSPH\u00c4RE?<br>10. DATENVERZEICHNIS<br>11. BEDIENELEMENTE F\u00dcR NICHT-SPUR-FUNKTIONEN<br>12. MACHEN WIR AKTUALISIERUNGEN DIESER RICHTLINIE?<br>13. WIE K\u00d6NNEN SIE UNS BEZ\u00dcGLICH DIESER RICHTLINIE KONTAKTIEREN?<\/p>\n\n\n\n<hr class=\"wp-block-separator has-text-color has-background has-color-31-background-color has-color-31-color is-style-wide\"\/>\n\n\n\n<p class=\"wp-block-paragraph\"><strong>1. WELCHE INFORMATIONEN SAMMELN WIR?<\/strong><\/p>\n\n\n\n<p class=\"wp-block-paragraph\">Pers\u00f6nliche Informationen, die Sie uns mitteilenKurz gesagt: Wir sammeln pers\u00f6nliche Informationen, die Sie uns zur Verf\u00fcgung stellen.<br>Wir erfassen pers\u00f6nliche Daten, die Sie uns freiwillig zur Verf\u00fcgung stellen, wenn Sie Ihr Interesse an Informationen \u00fcber uns oder unsere Produkte und Dienstleistungen bekunden, wenn Sie an Aktivit\u00e4ten im Rahmen der Dienste teilnehmen oder anderweitig Kontakt mit uns aufnehmen.<br>Welche pers\u00f6nlichen Daten wir erfassen, h\u00e4ngt vom Kontext Ihrer Interaktionen mit uns und den Diensten, den von Ihnen getroffenen Entscheidungen und den von Ihnen verwendeten Produkten und Funktionen ab. Die von uns erfassten pers\u00f6nlichen Daten k\u00f6nnen Folgendes umfassen:<br>\u00d6ffentlich zug\u00e4ngliche pers\u00f6nliche Informationen. Wir erfassen E-Mail-Adressen, soziale Medien, Telefonnummern, Vorname, M\u00e4dchenname, Nachname und Spitzname, gesch\u00e4ftliche E-Mails und andere \u00e4hnliche Daten.<br>Zahlungsdaten. Wir erfassen Daten, die zur Bearbeitung Ihrer Zahlung erforderlich sind, wenn Sie Eink\u00e4ufe t\u00e4tigen, wie z. B. die Nummer Ihres Zahlungsinstruments (z. B. eine Kreditkartennummer) und den mit Ihrem Zahlungsinstrument verbundenen Sicherheitscode. Alle Zahlungsdaten werden von Stripe gespeichert. Sie finden deren Link(s) zur Datenschutzrichtlinie hier:&nbsp;<a class=\"\" href=\"https:\/\/stripe.com\/en-de\/privacy\">https:\/\/stripe.com\/en-de\/privacy<\/a>.<br>Alle pers\u00f6nlichen Daten, die Sie uns zur Verf\u00fcgung stellen, m\u00fcssen wahrheitsgetreu, vollst\u00e4ndig und genau sein, und Sie m\u00fcssen uns \u00fcber jede \u00c4nderung dieser pers\u00f6nlichen Daten informieren.<br><br><strong>2. WIE VERWENDEN WIR IHRE INFORMATIONEN?<br><\/strong>Kurz gesagt: Wir verarbeiten Ihre Daten f\u00fcr Zwecke, die auf legitimen Gesch\u00e4ftsinteressen, der Erf\u00fcllung unseres Vertrags mit Ihnen, der Einhaltung unserer gesetzlichen Verpflichtungen und\/oder Ihrer Zustimmung beruhen.<br>Wir verwenden pers\u00f6nliche Informationen, die \u00fcber unsere Dienste gesammelt wurden, f\u00fcr eine Vielzahl von Gesch\u00e4ftszwecken, die im Folgenden beschrieben werden. Wir verarbeiten Ihre personenbezogenen Daten f\u00fcr diese Zwecke im Vertrauen auf unsere legitimen Gesch\u00e4ftsinteressen, um mit Ihrer Zustimmung einen Vertrag mit Ihnen abzuschlie\u00dfen oder einen Vertrag mit Ihnen zu erf\u00fcllen, und\/oder zur Erf\u00fcllung unserer rechtlichen Verpflichtungen. Wir geben die spezifischen Verarbeitungsgr\u00fcnde, auf die wir uns st\u00fctzen, neben jedem unten aufgef\u00fchrten Zweck an.<br>Wir verwenden die Informationen, die wir sammeln oder erhalten:<br><br>Um Ihnen Marketing- und Werbemitteilungen zu senden. Wir und\/oder unsere dritten Marketingpartner k\u00f6nnen die von Ihnen an uns gesendeten pers\u00f6nlichen Daten f\u00fcr unsere Marketingzwecke verwenden, wenn dies mit Ihren Marketingpr\u00e4ferenzen \u00fcbereinstimmt. Sie k\u00f6nnen sich jederzeit von unseren Marketing-E-Mails abmelden (siehe \u201eWAS SIND IHRE PRIVATEN RECHTE\u201c unten).<br>F\u00fcr andere Gesch\u00e4ftszwecke. Wir k\u00f6nnen Ihre Informationen f\u00fcr andere Gesch\u00e4ftszwecke verwenden, wie z.B. Datenanalyse, Ermittlung von Nutzungstrends, Bestimmung der Wirksamkeit unserer Werbekampagnen und zur Bewertung und Verbesserung unserer Dienstleistungen, Produkte, Marketing und Ihrer Erfahrung. Wir k\u00f6nnen diese Informationen in aggregierter und anonymisierter Form verwenden und speichern, so dass sie nicht mit einzelnen Endbenutzern in Verbindung gebracht werden und keine pers\u00f6nlichen Informationen enthalten. Wir werden keine identifizierbaren pers\u00f6nlichen Informationen ohne Ihre Zustimmung verwenden.<br><br><strong>3. WERDEN IHRE INFORMATIONEN MIT JEMANDEM GETEILT?<br><\/strong>Kurz gesagt: Wir geben Informationen nur mit Ihrem Einverst\u00e4ndnis weiter, um Gesetze einzuhalten, um Ihnen Dienstleistungen zu erbringen, Ihre Rechte zu sch\u00fctzen oder um gesch\u00e4ftliche Verpflichtungen zu erf\u00fcllen.<br>Wir k\u00f6nnen Daten auf der Grundlage der folgenden rechtlichen Grundlage verarbeiten oder weitergeben:Einverst\u00e4ndnis: Wir k\u00f6nnen Ihre Daten verarbeiten, wenn Sie uns Ihre ausdr\u00fcckliche Zustimmung zur Verwendung Ihrer pers\u00f6nlichen Daten f\u00fcr einen bestimmten Zweck erteilt haben.<br>Berechtigte Interessen: Wir k\u00f6nnen Ihre Daten verarbeiten, wenn es zur Verwirklichung unserer berechtigten gesch\u00e4ftlichen Interessen angemessen erforderlich ist.<br>Vertragserf\u00fcllung: Wenn wir einen Vertrag mit Ihnen abgeschlossen haben, k\u00f6nnen wir Ihre personenbezogenen Daten verarbeiten, um die Bedingungen unseres Vertrags zu erf\u00fcllen.<br>Rechtliche Verpflichtungen: Wir k\u00f6nnen Ihre Daten offenlegen, wenn wir gesetzlich dazu verpflichtet sind, um geltendem Recht, Regierungsanfragen, einem Gerichtsverfahren, einem Gerichtsbeschluss oder einem rechtlichen Verfahren nachzukommen, wie z. B. als Reaktion auf einen Gerichtsbeschluss oder eine Vorladung (einschlie\u00dflich als Reaktion auf Beh\u00f6rden zur Erf\u00fcllung von Anforderungen an die nationale Sicherheit oder die Strafverfolgung).<br>Lebenswichtige Interessen: Wir k\u00f6nnen Ihre Informationen offen legen, wenn wir der Meinung sind, dass es notwendig ist, potenzielle Verletzungen unserer Richtlinien, Betrugsverdacht, Situationen mit potenziellen Gefahren f\u00fcr die Sicherheit von Personen und illegale Aktivit\u00e4ten zu untersuchen, zu verhindern oder Ma\u00dfnahmen zu ergreifen, oder als Beweismittel in Rechtsstreitigkeiten, an denen wir beteiligt sind.Genauer gesagt m\u00fcssen wir Ihre Daten m\u00f6glicherweise in den folgenden Situationen verarbeiten oder Ihre pers\u00f6nlichen Informationen weitergeben:<br>Verk\u00e4ufern, Beratern und anderen Drittanbietern von Dienstleistungen. Wir k\u00f6nnen Ihre Daten an Drittanbieter, Dienstleister, Auftragnehmer oder Agenten weitergeben, die f\u00fcr uns oder in unserem Namen Dienstleistungen erbringen und f\u00fcr diese Arbeit Zugang zu diesen Informationen ben\u00f6tigen. Beispiele hierf\u00fcr sind: Zahlungsabwicklung, Datenanalyse, E-Mail-Zustellung, Hosting-Dienste, Kundendienst und Marketing-Bem\u00fchungen. Wir k\u00f6nnen ausgew\u00e4hlten Dritten gestatten, eine Tracking-Technologie f\u00fcr die Dienste zu verwenden, die es ihnen erm\u00f6glicht, Daten dar\u00fcber zu sammeln, wie Sie im Laufe der Zeit mit den Diensten interagieren. Diese Informationen k\u00f6nnen u. a. dazu verwendet werden, Daten zu analysieren und zu verfolgen, die Popularit\u00e4t bestimmter Inhalte zu bestimmen und die Online-Aktivit\u00e4ten besser zu verstehen. Sofern nicht in dieser Richtlinie beschrieben, teilen, verkaufen, vermieten oder tauschen wir keine Ihrer Informationen mit Dritten f\u00fcr deren Werbezwecke. Wir haben Vertr\u00e4ge mit unseren Datenverarbeitern abgeschlossen. Das bedeutet, dass sie mit Ihren pers\u00f6nlichen Daten nichts anfangen k\u00f6nnen, es sei denn, wir haben sie dazu angewiesen. Sie werden Ihre pers\u00f6nlichen Daten an keine andere Organisation au\u00dfer uns weitergeben. Sie werden sie sicher verwahren und f\u00fcr den von uns angewiesenen Zeitraum aufbewahren.<br>Gesch\u00e4ftliche Transfers. Wir k\u00f6nnen Ihre Informationen im Zusammenhang mit oder w\u00e4hrend der Verhandlungen \u00fcber eine Fusion, den Verkauf von Unternehmensverm\u00f6gen, die Finanzierung oder den Erwerb des gesamten oder eines Teils unseres Gesch\u00e4fts an ein anderes Unternehmen weitergeben oder \u00fcbertragen.<br><br><strong>4. AN WEN WERDEN IHRE INFORMATIONEN WEITERGEGEBEN?<br><\/strong>Kurz gesagt: Wir geben Informationen nur an die folgenden Dritten weiter.Wir teilen und offenbaren Ihre Informationen nur mit den folgenden Drittparteien. Wir haben jede Partei kategorisiert, damit Sie den Zweck unserer Datenerhebung und -verarbeitung leicht verstehen k\u00f6nnen. Wenn wir Ihre Daten auf der Grundlage Ihrer Zustimmung verarbeitet haben und Sie Ihre Zustimmung widerrufen m\u00f6chten, setzen Sie sich bitte mit uns in Verbindung.Werbung, Direktmarketing und Lead-GenerierungGoogle AdSenseRechnung und FakturierungStreifen, Apple Pay und PayPalWeb- und Mobilanalyse Google Analytics und Google-AnzeigenWebsite-Hosting <a class=\"\" href=\"http:\/\/wordpress.de\/\">WordPress.de<\/a><br><br><strong>5. VERWENDEN WIR COOKIES UND ANDERE VERFOLGUNGSTECHNOLOGIEN?<br><\/strong>Kurz gesagt: Wir verwenden m\u00f6glicherweise Cookies und andere Verfolgungstechnologien, um Ihre Informationen zu sammeln und zu speichern.<br>Wir k\u00f6nnen Cookies und \u00e4hnliche Verfolgungstechnologien (wie Web-Beacons und Pixel) verwenden, um auf Informationen zuzugreifen oder diese zu speichern. Spezifische Informationen dar\u00fcber, wie wir solche Technologien verwenden und wie Sie bestimmte Cookies ablehnen k\u00f6nnen, finden Sie in unserer Cookie-Richtlinie:&nbsp;<a href=\"https:\/\/eoipsocommunications.com\/de\/datenschutzerklaerung\/\">https:\/\/eoipsocommunications.com\/de\/datenschutzerklaerung\/<\/a><br><strong><br>6. WIE LANGE BEWAHREN WIR IHRE INFORMATIONEN AUF?<\/strong><br>Kurz gesagt: Wir bewahren Ihre Informationen so lange auf, wie es zur Erf\u00fcllung der in dieser Datenschutzrichtlinie dargelegten Zwecke erforderlich ist, es sei denn, dies ist gesetzlich vorgeschrieben.<br>Wir werden Ihre pers\u00f6nlichen Daten nur so lange aufbewahren, wie es f\u00fcr die in dieser Datenschutzerkl\u00e4rung dargelegten Zwecke erforderlich ist, es sei denn, eine l\u00e4ngere Aufbewahrungsfrist ist gesetzlich vorgeschrieben oder zul\u00e4ssig (wie z.B. steuerliche, buchhalterische oder andere gesetzliche Anforderungen). Kein Zweck in dieser Richtlinie erfordert, dass wir Ihre pers\u00f6nlichen Daten l\u00e4nger als 6 Monate aufbewahren.<br>Wenn wir keine laufende legitime gesch\u00e4ftliche Notwendigkeit haben, Ihre pers\u00f6nlichen Daten zu verarbeiten, werden wir sie entweder l\u00f6schen oder anonymisieren, oder, falls dies nicht m\u00f6glich ist (z.B. weil Ihre pers\u00f6nlichen Daten in Backup-Archiven gespeichert wurden), werden wir Ihre pers\u00f6nlichen Daten sicher aufbewahren und von jeglicher weiteren Verarbeitung isolieren, bis eine L\u00f6schung m\u00f6glich ist.<br><br><strong>7. WIE BEWAHREN WIR IHRE INFORMATIONEN SICHER AUF?<\/strong><br>Kurz gesagt: Wir sind bestrebt, Ihre pers\u00f6nlichen Daten durch ein System organisatorischer und technischer Sicherheitsma\u00dfnahmen zu sch\u00fctzen.<br>Wir haben geeignete technische und organisatorische Sicherheitsma\u00dfnahmen eingef\u00fchrt, die die Sicherheit aller von uns verarbeiteten pers\u00f6nlichen Daten sch\u00fctzen sollen. Bitte denken Sie jedoch auch daran, dass wir nicht garantieren k\u00f6nnen, dass das Internet selbst 100% sicher ist. Obwohl wir unser Bestes tun werden, um Ihre pers\u00f6nlichen Daten zu sch\u00fctzen, erfolgt die \u00dcbertragung von pers\u00f6nlichen Daten zu und von unseren Diensten auf Ihr eigenes Risiko. Sie sollten nur innerhalb einer sicheren Umgebung auf die Dienste zugreifen.<br><br><strong>8. SAMMELN WIR INFORMATIONEN VON MINDERJ\u00c4HRIGEN?<\/strong><br>Kurz gesagt: Wir sammeln nicht wissentlich Daten von Kindern unter 18 Jahren oder vermarkten sie nicht an diese.<br>Wir fordern nicht wissentlich Daten von Kindern unter 18 Jahren an oder vermarkten sie nicht an sie. Durch die Nutzung der Dienste erkl\u00e4ren Sie, dass Sie mindestens 18 Jahre alt sind oder dass Sie die Eltern oder der Vormund eines solchen Minderj\u00e4hrigen sind und mit der Nutzung der Dienste durch den Minderj\u00e4hrigen einverstanden sind. Wenn wir erfahren, dass pers\u00f6nliche Daten von Benutzern unter 18 Jahren erfasst wurden, deaktivieren wir das Konto und ergreifen angemessene Ma\u00dfnahmen, um solche Daten umgehend aus unseren Aufzeichnungen zu l\u00f6schen. Sollten Sie Kenntnis von Daten erhalten, die wir von Kindern unter 18 Jahren gesammelt haben, kontaktieren Sie uns bitte unter&nbsp;<a class=\"\" href=\"mailto:o.aust@eoipsocommunications.com\">o.aust@eoipsocommunications.com<\/a>.<br><br><strong>9. WELCHE DATENSCHUTZRECHTE HABEN SIE?<\/strong><br>Kurz gesagt: In einigen Regionen, wie z.B. im Europ\u00e4ischen Wirtschaftsraum, haben Sie Rechte, die Ihnen einen besseren Zugang zu und eine bessere Kontrolle \u00fcber Ihre pers\u00f6nlichen Daten erm\u00f6glichen. Sie k\u00f6nnen Ihr Konto jederzeit \u00fcberpr\u00fcfen, \u00e4ndern oder k\u00fcndigen.<br>In einigen Regionen (wie dem Europ\u00e4ischen Wirtschaftsraum) haben Sie gem\u00e4\u00df den geltenden Datenschutzgesetzen bestimmte Rechte. Dazu kann das Recht geh\u00f6ren, (i) Zugang zu Ihren pers\u00f6nlichen Daten zu beantragen und eine Kopie dieser Daten zu erhalten, (ii) die Berichtigung oder L\u00f6schung dieser Daten zu verlangen, (iii) die Verarbeitung Ihrer pers\u00f6nlichen Daten einzuschr\u00e4nken und (iv) gegebenenfalls die \u00dcbertragbarkeit der Daten zu verlangen. Unter bestimmten Umst\u00e4nden k\u00f6nnen Sie auch das Recht haben, der Verarbeitung Ihrer pers\u00f6nlichen Daten zu widersprechen. Um einen solchen Antrag zu stellen, verwenden Sie bitte die unten angegebenen Kontaktdaten. Wir werden jede Anfrage in \u00dcbereinstimmung mit den geltenden Datenschutzgesetzen pr\u00fcfen und entsprechend handeln.<br>Wenn wir uns bei der Verarbeitung Ihrer pers\u00f6nlichen Daten auf Ihr Einverst\u00e4ndnis verlassen, haben Sie das Recht, Ihr Einverst\u00e4ndnis jederzeit zu widerrufen. Bitte beachten Sie jedoch, dass dies keinen Einfluss auf die Rechtm\u00e4\u00dfigkeit der Verarbeitung vor dem Widerruf hat.<br>Wenn Sie im Europ\u00e4ischen Wirtschaftsraum ans\u00e4ssig sind und Sie glauben, dass wir Ihre pers\u00f6nlichen Daten unrechtm\u00e4\u00dfig verarbeiten, haben Sie auch das Recht, sich bei Ihrer \u00f6rtlichen Datenschutzaufsichtsbeh\u00f6rde zu beschweren. Ihre Kontaktdaten finden Sie hier:&nbsp;<a class=\"\" href=\"http:\/\/ec.europa.eu\/justice\/data-protection\/bodies\/authorities\/index_en.htm\">http:\/\/ec.europa.eu\/justice\/data-protection\/bodies\/authorities\/index_en.htm<\/a>.<br><br>Cookies und \u00e4hnliche Technologien: Die meisten Webbrowser sind standardm\u00e4\u00dfig so eingestellt, dass sie Cookies akzeptieren. Wenn Sie es vorziehen, k\u00f6nnen Sie Ihren Browser in der Regel so einstellen, dass er Cookies entfernt und Cookies ablehnt. Wenn Sie sich daf\u00fcr entscheiden, Cookies zu entfernen oder Cookies abzulehnen, k\u00f6nnte dies bestimmte Funktionen oder Dienste unserer Dienste beeintr\u00e4chtigen. Um die interessenbezogene Werbung von Inserenten auf unseren Diensten abzulehnen, besuchen Sie&nbsp;<a class=\"\" href=\"http:\/\/www.aboutads.info\/choices\/\">http:\/\/www.aboutads.info\/choices\/<\/a>. F\u00fcr weitere Informationen lesen Sie bitte unsere Cookie-Richtlinie:&nbsp;<a href=\"https:\/\/eoipsocommunications.com\/de\/datenschutzerklaerung\/\">https:\/\/eoipsocommunications.com\/de\/datenschutzerklaerung\/<\/a><br><br><strong>10. DATENVERZEICHNIS<\/strong><br>Eine Verletzung der Privatsph\u00e4re liegt dann vor, wenn ein unbefugter Zugriff auf pers\u00f6nliche Daten oder deren Sammlung, Verwendung, Offenlegung oder Entsorgung vorliegt. Sie werden \u00fcber Datenschutzverletzungen benachrichtigt, wenn Eo Ipso Communications GmbH der Ansicht ist, dass Sie wahrscheinlich gef\u00e4hrdet oder ernsthaft gesch\u00e4digt sind. Beispielsweise kann eine Datenverletzung wahrscheinlich zu einem ernsthaften finanziellen Schaden oder zu einer Beeintr\u00e4chtigung Ihres geistigen oder k\u00f6rperlichen Wohlbefindens f\u00fchren. F\u00fcr den Fall, dass Eo Ipso Communications GmbH von einer Sicherheitsverletzung Kenntnis erlangt, die zu einem unbefugten Zugriff, einer unbefugten Nutzung oder einer unbefugten Offenlegung pers\u00f6nlicher Daten gef\u00fchrt hat oder f\u00fchren k\u00f6nnte, wird Eo Ipso Communications GmbH die Angelegenheit unverz\u00fcglich untersuchen und die zust\u00e4ndige Aufsichtsbeh\u00f6rde sp\u00e4testens 72 Stunden, nachdem sie davon Kenntnis erlangt hat, benachrichtigen, es sei denn, es ist unwahrscheinlich, dass die Verletzung pers\u00f6nlicher Daten zu einer Gef\u00e4hrdung der Rechte und Freiheiten nat\u00fcrlicher Personen f\u00fchrt.<br><br><strong>11. KONTROLLEN F\u00dcR NICHT VERFOLGBARE MERKMALE<\/strong><br>Die meisten Webbrowser und einige mobile Betriebssysteme und mobile Anwendungen enthalten eine Do-Not-Track (\u201eDNT\u201c)-Funktion oder Einstellung, die Sie aktivieren k\u00f6nnen, um zu signalisieren, dass Sie es vorziehen, keine Daten \u00fcber Ihre Online-Browsing-Aktivit\u00e4ten \u00fcberwachen und sammeln zu lassen. Es wurde noch kein einheitlicher Technologiestandard f\u00fcr die Erkennung und Implementierung von DNT-Signalen festgelegt. Daher reagieren wir derzeit nicht auf DNT-Browsersignale oder andere Mechanismen, die automatisch Ihre Entscheidung mitteilen, nicht online verfolgt zu werden. Falls ein Standard f\u00fcr die Online-Verfolgung angenommen wird, dem wir in Zukunft folgen m\u00fcssen, werden wir Sie in einer \u00fcberarbeiteten Version dieser Datenschutzrichtlinie \u00fcber diese Praxis informieren.<br><br><strong>12. NEHMEN WIR AKTUALISIERUNGEN DIESER RICHTLINIE VOR?<\/strong><br>Kurz gesagt: Ja, wir werden diese Richtlinie bei Bedarf aktualisieren, um mit den einschl\u00e4gigen Gesetzen konform zu bleiben.<br>Wir werden diese Datenschutzrichtlinie von Zeit zu Zeit aktualisieren. Die aktualisierte Version wird durch ein aktualisiertes \u201e\u00dcberarbeitet\u201c-Datum gekennzeichnet, und die aktualisierte Version tritt in Kraft, sobald sie zug\u00e4nglich ist. Wenn wir wesentliche \u00c4nderungen an dieser Datenschutzrichtlinie vornehmen, k\u00f6nnen wir Sie entweder durch eine gut sichtbare Bekanntmachung \u00fcber solche \u00c4nderungen informieren oder Ihnen direkt eine Benachrichtigung zusenden. Wir empfehlen Ihnen, diese Datenschutzrichtlinie regelm\u00e4\u00dfig zu lesen, um dar\u00fcber informiert zu sein, wie wir Ihre Informationen sch\u00fctzen.<br><br><strong>13. WIE K\u00d6NNEN SIE UNS BEZ\u00dcGLICH DIESER RICHTLINIE KONTAKTIEREN?<\/strong><br>Wenn Sie Fragen oder Anmerkungen zu dieser Richtlinie haben, k\u00f6nnen Sie sich an unseren Datenschutzbeauftragten (DSB), Oliver Aust, per E-Mail an&nbsp;<a class=\"\" href=\"mailto:o.aust@eoipsocommunications.com\">o.aust@eoipsocommunications.com<\/a>&nbsp;oder per Post an<br>Eo Ipso Communications GmbH Oliver AustFriedrichstra\u00dfe 68 Berlin 10117 Deutschland<\/p>\n\n\n\n<p class=\"wp-block-paragraph\">WIE K\u00d6NNEN SIE DIE DATEN, DIE WIR VON IHNEN ERFASSEN, \u00dcBERPR\u00dcFEN, AKTUALISIEREN ODER L\u00d6SCHEN?<br>Basierend auf den Gesetzen einiger L\u00e4nder haben Sie unter Umst\u00e4nden das Recht, Zugang zu den pers\u00f6nlichen Daten, die wir von Ihnen erfassen, zu verlangen, diese Daten zu \u00e4ndern oder unter bestimmten Umst\u00e4nden zu l\u00f6schen. Um eine \u00dcberpr\u00fcfung, Aktualisierung oder L\u00f6schung Ihrer pers\u00f6nlichen Daten zu beantragen, senden Sie bitte ein Antragsformular, indem Sie hier klicken. Wir werden Ihre Anfrage innerhalb von 30 Tagen beantworten. Diese Datenschutzrichtlinie wurde mit Termlys Privacy Policy Generator erstellt.<br><br><\/p>\n\n\n\n<p class=\"wp-block-paragraph\"><strong>Kontakt<\/strong><\/p>\n\n\n\n<p class=\"wp-block-paragraph\">Friedrichstra\u00dfe 68<br>10117 Berlin<br><a class=\"\" href=\"mailto:info@eoipsocommunications.com\">info@eoipsocommunications.com<\/a><br>T: +49 (0) 30 120 820 270<\/p>\n\n\n\n<p class=\"wp-block-paragraph\">\u00a9 2020 Eo Ipso Communications GmbH<\/p>\n","protected":false},"excerpt":{"rendered":"<p>Datenschutzerkl\u00e4rung Letzte Aktualisierung: 17. M\u00e4rz 2022 Vielen Dank, dass Sie sich daf\u00fcr entschieden haben, Teil unserer Gemeinschaft bei Eo Ipso Communications GmbH (\u201eUnternehmen\u201c, \u201ewir\u201c, \u201euns\u201c oder \u201eunser\u201c) zu werden. Wir f\u00fchlen uns dem Schutz Ihrer pers\u00f6nlichen Daten und Ihres Rechts auf Privatsph\u00e4re verpflichtet. Wenn Sie Fragen oder Bedenken zu unserer Politik oder unseren Praktiken in [&hellip;]<\/p>\n","protected":false},"author":3,"featured_media":0,"parent":0,"menu_order":0,"comment_status":"closed","ping_status":"closed","template":"","meta":{"_crdt_document":"","greyd_block_editor_preview":[],"_monsterinsights_skip_tracking":false,"_monsterinsights_sitenote_active":false,"_monsterinsights_sitenote_note":"","_monsterinsights_sitenote_category":0,"_wp_convertkit_post_meta":{"form":"-1","landing_page":"0","tag":"0","restrict_content":"0"},"footnotes":""},"class_list":["post-799","page","type-page","status-publish","hentry"],"_links":{"self":[{"href":"https:\/\/eoipsocommunications.com\/de\/wp-json\/wp\/v2\/pages\/799","targetHints":{"allow":["GET"]}}],"collection":[{"href":"https:\/\/eoipsocommunications.com\/de\/wp-json\/wp\/v2\/pages"}],"about":[{"href":"https:\/\/eoipsocommunications.com\/de\/wp-json\/wp\/v2\/types\/page"}],"author":[{"embeddable":true,"href":"https:\/\/eoipsocommunications.com\/de\/wp-json\/wp\/v2\/users\/3"}],"replies":[{"embeddable":true,"href":"https:\/\/eoipsocommunications.com\/de\/wp-json\/wp\/v2\/comments?post=799"}],"version-history":[{"count":5,"href":"https:\/\/eoipsocommunications.com\/de\/wp-json\/wp\/v2\/pages\/799\/revisions"}],"predecessor-version":[{"id":1605,"href":"https:\/\/eoipsocommunications.com\/de\/wp-json\/wp\/v2\/pages\/799\/revisions\/1605"}],"wp:attachment":[{"href":"https:\/\/eoipsocommunications.com\/de\/wp-json\/wp\/v2\/media?parent=799"}],"curies":[{"name":"wp","href":"https:\/\/api.w.org\/{rel}","templated":true}]}}