{"id":807,"date":"2021-12-28T15:04:02","date_gmt":"2021-12-28T14:04:02","guid":{"rendered":"https:\/\/eic001.dev.360vier.net\/insights\/"},"modified":"2024-01-23T14:48:47","modified_gmt":"2024-01-23T13:48:47","slug":"insights","status":"publish","type":"page","link":"https:\/\/eoipsocommunications.com\/de\/insights\/","title":{"rendered":"INSIGHTS"},"content":{"rendered":"<div  class=\"spacer_wrap\" aria-hidden=\"true\"><div class=\"wp-block-spacer inner-sm\" style=\"height:calc(100px * 0.4)\" aria-hidden=\"true\"><\/div><div class=\"wp-block-spacer inner-md\" style=\"height:calc(100px * 0.6)\" aria-hidden=\"true\"><\/div><div class=\"wp-block-spacer inner-lg\" style=\"height:calc(100px * 0.8)\" aria-hidden=\"true\"><\/div><div class=\"wp-block-spacer inner-xl\" style=\"height:100px\" aria-hidden=\"true\"><\/div><\/div>\n<h1 class=\"wp-block-heading\">INSIGHTS<\/h1>\n\n<h2 class=\"wp-block-heading\" id=\"podcast\">Podcast<\/h2>\n<div  class=\"row_wrap\">\n<div class=\"wp-block-columns row_xxl is-layout-flex wp-container-core-columns-is-layout-8f761849 wp-block-columns-is-layout-flex\">\n<div class=\"wp-block-column is-vertically-aligned-top col-12 col-sm-auto is-layout-flow wp-block-column-is-layout-flow\">\n<p class=\"wp-block-paragraph\">\u201eSpeak Like a CEO\u201c ist der f\u00fchrende Podcast zum Thema CEO-Kommunikation. <br\/>Jede Woche spricht Oliver Aust mit einem inspirierenden CEO oder einer Gr\u00fcnderin \u00fcber ihre Ans\u00e4tze zu Leadership und Kommunikation. <br\/><br\/>Zu h\u00f6ren auf <a href=\"https:\/\/podcasts.apple.com\/de\/podcast\/speak-like-a-ceo-with-oliver-aust-lena-carlson\/id1441419535\" target=\"_blank\" rel=\"noreferrer noopener\">Apple Podcasts<\/a> und <a href=\"https:\/\/open.spotify.com\/show\/5qC1wouXgqlEq1yeQf8Q60\" target=\"_blank\" rel=\"noreferrer noopener\">Spotify<\/a>.<\/p>\n<\/div>\n\n\n\n<div class=\"wp-block-column is-vertically-aligned-top col-12 col-sm-auto is-layout-flow wp-block-column-is-layout-flow\"><div  class=\"spacer_wrap\" aria-hidden=\"true\"><div class=\"wp-block-spacer inner-sm inner-md\" style=\"height:calc(100px * 0.4)\" aria-hidden=\"true\"><\/div><div class=\"wp-block-spacer inner-lg inner-xl\" style=\"height:0\" aria-hidden=\"true\"><\/div><\/div>\n\n\n<iframe loading=\"lazy\" id=\"greyd-69df428406b43\" src=\"https:\/\/podcasters.spotify.com\/pod\/show\/likeaceo\/embed\" height=\"102px\" width=\"400px\" frameborder=\"0\" scrolling=\"no\"><\/iframe>\n<\/div>\n<\/div>\n<\/div><div  class=\"spacer_wrap\" aria-hidden=\"true\"><div class=\"wp-block-spacer inner-sm inner-md\" style=\"height:calc(100px * 0.5)\" aria-hidden=\"true\"><\/div><div class=\"wp-block-spacer inner-lg inner-xl\" style=\"height:0\" aria-hidden=\"true\"><\/div><\/div>\n<div class=\"wp-block-group\"><div class=\"wp-block-group__inner-container is-layout-constrained wp-block-group-is-layout-constrained\"><div id=\"greyd-69df428408066\"  class=\"spacer_wrap row_xxl\" aria-hidden=\"true\"><div class=\"wp-block-spacer inner-sm\" style=\"height:calc(4px * 0.4)\" aria-hidden=\"true\"><\/div><div class=\"wp-block-spacer inner-md\" style=\"height:calc(4px * 0.6)\" aria-hidden=\"true\"><\/div><div class=\"wp-block-spacer inner-lg\" style=\"height:calc(4px * 0.8)\" aria-hidden=\"true\"><\/div><div class=\"wp-block-spacer inner-xl\" style=\"height:4px\" aria-hidden=\"true\"><\/div><\/div>\n\n<div  class=\"spacer_wrap row_xxl\" aria-hidden=\"true\"><div class=\"wp-block-spacer inner-sm\" style=\"height:calc(16px * 0.4)\" aria-hidden=\"true\"><\/div><div class=\"wp-block-spacer inner-md\" style=\"height:calc(16px * 0.6)\" aria-hidden=\"true\"><\/div><div class=\"wp-block-spacer inner-lg\" style=\"height:calc(16px * 0.8)\" aria-hidden=\"true\"><\/div><div class=\"wp-block-spacer inner-xl\" style=\"height:16px\" aria-hidden=\"true\"><\/div><\/div>\n\n<div id=\"greyd-69df4284081dc\"  class=\"spacer_wrap row_xxl\" aria-hidden=\"true\"><div class=\"wp-block-spacer inner-sm\" style=\"height:calc(4px * 0.4)\" aria-hidden=\"true\"><\/div><div class=\"wp-block-spacer inner-md\" style=\"height:calc(4px * 0.6)\" aria-hidden=\"true\"><\/div><div class=\"wp-block-spacer inner-lg\" style=\"height:calc(4px * 0.8)\" aria-hidden=\"true\"><\/div><div class=\"wp-block-spacer inner-xl\" style=\"height:4px\" aria-hidden=\"true\"><\/div><\/div><\/div><\/div>\n\n\n<div id='footer_spacer' class=\"spacer_wrap row_xxl\" aria-hidden=\"true\"><div class=\"wp-block-spacer inner-sm\" style=\"height:calc(64px * 0.4)\" aria-hidden=\"true\"><\/div><div class=\"wp-block-spacer inner-md\" style=\"height:calc(64px * 0.6)\" aria-hidden=\"true\"><\/div><div class=\"wp-block-spacer inner-lg\" style=\"height:calc(64px * 0.8)\" aria-hidden=\"true\"><\/div><div class=\"wp-block-spacer inner-xl\" style=\"height:64px\" aria-hidden=\"true\"><\/div><\/div>\n<h2 class=\"wp-block-heading\" id=\"books\">B\u00fccher<\/h2>\n<div  class=\"row_wrap\">\n<div class=\"wp-block-columns row_xxl is-layout-flex wp-container-core-columns-is-layout-5f1ef6a3 wp-block-columns-is-layout-flex\" id=\"block-088d7e57-eed1-4287-937d-73ae8c78558e\" style=\"padding-right:0px;padding-bottom:0px;padding-left:0%\">\n<div class=\"wp-block-column hidden-xs hidden-sm col-12 col-sm-auto is-layout-flow wp-block-column-is-layout-flow\" id=\"block-f2c535b4-966b-4259-8c18-104e789fd757\"><div class=\"wp-block-image is-resized\">\n<figure class=\"aligncenter size-full\"><img loading=\"lazy\" decoding=\"async\" width=\"831\" height=\"1280\" src=\"https:\/\/eoipsocommunications.com\/wp-content\/uploads\/Front-Cover.jpg\" alt=\"\" class=\"wp-image-1730\" style=\"width:auto;height:500px\" srcset=\"https:\/\/eoipsocommunications.com\/wp-content\/uploads\/Front-Cover.jpg 831w, https:\/\/eoipsocommunications.com\/wp-content\/uploads\/Front-Cover-195x300.jpg 195w, https:\/\/eoipsocommunications.com\/wp-content\/uploads\/Front-Cover-768x1183.jpg 768w\" sizes=\"auto, (max-width: 831px) 100vw, 831px\" \/><\/figure>\n<\/div><\/div>\n\n\n\n<div class=\"wp-block-column hidden-md hidden-lg col-12 col-sm-auto is-layout-flow wp-block-column-is-layout-flow\" id=\"block-f2c535b4-966b-4259-8c18-104e789fd757\"><div class=\"wp-block-image is-resized\">\n<figure class=\"aligncenter size-full\"><img loading=\"lazy\" decoding=\"async\" width=\"831\" height=\"1280\" src=\"https:\/\/eoipsocommunications.com\/wp-content\/uploads\/Front-Cover.jpg\" alt=\"\" class=\"wp-image-1730\" style=\"width:auto;height:500px\" srcset=\"https:\/\/eoipsocommunications.com\/wp-content\/uploads\/Front-Cover.jpg 831w, https:\/\/eoipsocommunications.com\/wp-content\/uploads\/Front-Cover-195x300.jpg 195w, https:\/\/eoipsocommunications.com\/wp-content\/uploads\/Front-Cover-768x1183.jpg 768w\" sizes=\"auto, (max-width: 831px) 100vw, 831px\" \/><\/figure>\n<\/div><\/div>\n\n\n\n<div class=\"wp-block-column col-12 col-sm-auto is-layout-flow wp-block-column-is-layout-flow\" id=\"block-d8218e09-dc80-4e93-9962-5910ae1d9ce4\"><div  class=\"spacer_wrap\" aria-hidden=\"true\"><div class=\"wp-block-spacer inner-sm inner-md\" style=\"height:calc(101px * 0.2)\" aria-hidden=\"true\"><\/div><div class=\"wp-block-spacer inner-lg\" style=\"height:calc(101px * 0.8)\" aria-hidden=\"true\"><\/div><div class=\"wp-block-spacer inner-xl\" style=\"height:101px\" aria-hidden=\"true\"><\/div><\/div>\n\n\n<p class=\"gs_ipqV85 wp-block-paragraph\"><strong>Message Machine: How Communications Will Make You an Unstoppable Founder<\/strong><\/p>\n\n\n\n<p class=\"gs_YIsLxK wp-block-paragraph\">In kurzer Zeit ist Message Machine zum Standardwerk f\u00fcr Gr\u00fcnder:innen geworden, das ihnen hilft, Message-Market Fit zu erlangen und zum Thought Leader zu werden. Basierend auf jahrzehntelanger Erfahrung und hunderten von Interviews ist es die ultimative Blaupause f\u00fcr Gr\u00fcnder:innen, auf einem \u00fcberf\u00fcllten Markt sichtbar zu werden, um Investoren, Kunden und Talente anzuziehen. Das Buch f\u00fcr alle Gr\u00fcnder:innen, die unaufhaltbar werden wollen.<\/p>\n\n\n<div  class=\"spacer_wrap\" aria-hidden=\"true\"><div class=\"wp-block-spacer inner-sm inner-md\" style=\"height:calc(60px * 0.2)\" aria-hidden=\"true\"><\/div><div class=\"wp-block-spacer inner-lg\" style=\"height:calc(60px * 0.8)\" aria-hidden=\"true\"><\/div><div class=\"wp-block-spacer inner-xl\" style=\"height:60px\" aria-hidden=\"true\"><\/div><\/div>\n\n<div  class=\"row_wrap\">\n<div class=\"wp-block-columns row_xxl is-layout-flex wp-container-core-columns-is-layout-8f761849 wp-block-columns-is-layout-flex\">\n<div class=\"wp-block-column col-12 col-sm-auto is-layout-flow wp-block-column-is-layout-flow\">\n<div class=\"wp-block-greyd-buttons alignleft\">\n<a  href=\"https:\/\/www.amazon.de\/gp\/product\/3982108845\/ref=dbs_a_def_rwt_hsch_vapi_tu00_p1_i0\" target=\"_blank\" title=\"https:\/\/www.amazon.de\/gp\/product\/3982108845\/ref=dbs_a_def_rwt_hsch_vapi_tu00_p1_i0\" class=\"button gs_Lwi8kr \">Buch kaufen<\/a>\n<\/div>\n<\/div>\n\n\n\n<div class=\"wp-block-column col-12 col-sm-auto is-layout-flow wp-block-column-is-layout-flow\" id=\"block-289515d1-97e3-4f6f-88fd-3dc2e338acaa\">\n<div class=\"wp-block-greyd-buttons alignleft\">\n<a  href=\"https:\/\/www.amazon.de\/-\/en\/Oliver-Aust-ebook\/dp\/B0BPJKCWMW\/ref=tmm_kin_swatch_0?_encoding=UTF8&amp;qid=1670854936&amp;sr=8-1\" target=\"_blank\" class=\"button gs_Ekgcmp \">E-Book kaufen (Kindle)<\/a>\n<\/div>\n<\/div>\n<\/div>\n<\/div><\/div>\n<\/div>\n<\/div>\n<hr class=\"wp-block-separator has-text-color has-color-32-color has-css-opacity has-color-32-background-color has-background is-style-wide\"\/>\n<div  class=\"row_wrap\">\n<div class=\"wp-block-columns row_xxl is-layout-flex wp-container-core-columns-is-layout-5f1ef6a3 wp-block-columns-is-layout-flex\" id=\"block-088d7e57-eed1-4287-937d-73ae8c78558e\" style=\"padding-right:0px;padding-bottom:0px;padding-left:0%\">\n<div class=\"wp-block-column hidden-xs hidden-sm col-12 col-sm-auto is-layout-flow wp-block-column-is-layout-flow\" id=\"block-f2c535b4-966b-4259-8c18-104e789fd757\"><div class=\"wp-block-image is-resized\">\n<figure class=\"aligncenter size-full\"><img loading=\"lazy\" decoding=\"async\" width=\"671\" height=\"1024\" src=\"https:\/\/eoipsocommunications.com\/wp-content\/uploads\/Unigorable-cover.png\" alt=\"\" class=\"wp-image-600\" style=\"width:auto;height:500px\" srcset=\"https:\/\/eoipsocommunications.com\/wp-content\/uploads\/Unigorable-cover.png 671w, https:\/\/eoipsocommunications.com\/wp-content\/uploads\/Unigorable-cover-197x300.png 197w\" sizes=\"auto, (max-width: 671px) 100vw, 671px\" \/><\/figure>\n<\/div><\/div>\n\n\n\n<div class=\"wp-block-column hidden-md hidden-lg col-12 col-sm-auto is-layout-flow wp-block-column-is-layout-flow\" id=\"block-f2c535b4-966b-4259-8c18-104e789fd757\"><div class=\"wp-block-image is-resized\">\n<figure class=\"aligncenter size-full\"><img loading=\"lazy\" decoding=\"async\" width=\"671\" height=\"1024\" src=\"https:\/\/eoipsocommunications.com\/wp-content\/uploads\/Unigorable-cover.png\" alt=\"\" class=\"wp-image-600\" style=\"width:auto;height:500px\" srcset=\"https:\/\/eoipsocommunications.com\/wp-content\/uploads\/Unigorable-cover.png 671w, https:\/\/eoipsocommunications.com\/wp-content\/uploads\/Unigorable-cover-197x300.png 197w\" sizes=\"auto, (max-width: 671px) 100vw, 671px\" \/><\/figure>\n<\/div><\/div>\n\n\n\n<div class=\"wp-block-column col-12 col-sm-auto is-layout-flow wp-block-column-is-layout-flow\" id=\"block-d8218e09-dc80-4e93-9962-5910ae1d9ce4\"><div  class=\"spacer_wrap\" aria-hidden=\"true\"><div class=\"wp-block-spacer inner-sm inner-md\" style=\"height:calc(101px * 0.2)\" aria-hidden=\"true\"><\/div><div class=\"wp-block-spacer inner-lg\" style=\"height:calc(101px * 0.8)\" aria-hidden=\"true\"><\/div><div class=\"wp-block-spacer inner-xl\" style=\"height:101px\" aria-hidden=\"true\"><\/div><\/div>\n\n\n<p class=\"gs_lkv37z wp-block-paragraph\"><strong>Unignorable: Build Your Personal Brand and Boost Your Business in 30 Days<\/strong><\/p>\n\n\n\n<p class=\"gs_2eHLao wp-block-paragraph\">Im digitalen Zeitalter reicht es nicht mehr aus, gut in seinem Job zu sein. Um wirklich erfolgreich zu sein, m\u00fcssen Sie sowohl talentiert als auch sichtbar sein. In dem internationalen Bestseller <em>Unignorable<\/em> f\u00fchrt Oliver Aust Sie durch einen 30-t\u00e4gigen Prozess, um Ihre pers\u00f6nliche Marke aus online und offline aufzubauen. Denn in Zeiten der Ver\u00e4nderung ist Ihr Ruf Ihr wertvollstes Kapital.<\/p>\n\n\n<div  class=\"spacer_wrap\" aria-hidden=\"true\"><div class=\"wp-block-spacer inner-sm inner-md\" style=\"height:calc(60px * 0.2)\" aria-hidden=\"true\"><\/div><div class=\"wp-block-spacer inner-lg\" style=\"height:calc(60px * 0.8)\" aria-hidden=\"true\"><\/div><div class=\"wp-block-spacer inner-xl\" style=\"height:60px\" aria-hidden=\"true\"><\/div><\/div>\n\n<div  class=\"row_wrap\">\n<div class=\"wp-block-columns row_xxl is-layout-flex wp-container-core-columns-is-layout-8f761849 wp-block-columns-is-layout-flex\">\n<div class=\"wp-block-column col-12 col-sm-auto is-layout-flow wp-block-column-is-layout-flow\">\n<div class=\"wp-block-greyd-buttons alignleft\">\n<a  href=\"https:\/\/www.amazon.de\/Unignorable-Build-personal-brand-business\/dp\/3982108829\/ref=sr_1_1?__mk_de_DE=%C3%85M%C3%85%C5%BD%C3%95%C3%91&amp;crid=1YQF5JTEKVS8C&amp;dchild=1&amp;keywords=unignorable&amp;qid=1619710534&amp;sprefix=unignorable%2Caps%2C154&amp;sr=8-1\" target=\"_blank\" title=\"https:\/\/www.amazon.de\/Unignorable-Build-personal-brand-business\/dp\/3982108829\/ref=sr_1_1?__mk_de_DE=%C3%85M%C3%85%C5%BD%C3%95%C3%91&amp;crid=1YQF5JTEKVS8C&amp;dchild=1&amp;keywords=unignorable&amp;qid=1619710534&amp;sprefix=unignorable%2Caps%2C154&amp;sr=8-1\" class=\"button gs_krgI9I \">Buch kaufen<\/a>\n<\/div>\n<\/div>\n\n\n\n<div class=\"wp-block-column col-12 col-sm-auto is-layout-flow wp-block-column-is-layout-flow\" id=\"block-289515d1-97e3-4f6f-88fd-3dc2e338acaa\">\n<div class=\"wp-block-greyd-buttons alignleft\">\n<a  href=\"https:\/\/oliveraust.com\/books\/?add-to-cart=2091\" title=\"https:\/\/oliveraust.com\/books\/?add-to-cart=2091\" class=\"button gs_AsSYGT \">E-Book kaufen<\/a>\n<\/div>\n<\/div>\n<\/div>\n<\/div><\/div>\n<\/div>\n<\/div>\n<hr class=\"wp-block-separator has-text-color has-color-32-color has-css-opacity has-color-32-background-color has-background is-style-wide\"\/>\n<div  class=\"spacer_wrap\" aria-hidden=\"true\"><div class=\"wp-block-spacer inner-sm inner-md inner-lg\" style=\"height:calc(68px * 0.8)\" aria-hidden=\"true\"><\/div><div class=\"wp-block-spacer inner-xl\" style=\"height:68px\" aria-hidden=\"true\"><\/div><\/div><div  class=\"row_wrap\">\n<div class=\"wp-block-columns row_xxl is-layout-flex wp-container-core-columns-is-layout-5f1ef6a3 wp-block-columns-is-layout-flex\" id=\"block-088d7e57-eed1-4287-937d-73ae8c78558e\" style=\"padding-right:0px;padding-bottom:0px;padding-left:0%\">\n<div class=\"wp-block-column hidden-xs hidden-sm col-12 col-sm-auto is-layout-flow wp-block-column-is-layout-flow\" id=\"block-f2c535b4-966b-4259-8c18-104e789fd757\"><div class=\"wp-block-image is-resized\">\n<figure class=\"aligncenter size-full\"><img loading=\"lazy\" decoding=\"async\" width=\"600\" height=\"888\" src=\"https:\/\/eoipsocommunications.com\/wp-content\/uploads\/MasteringCommunications_U1-1-1.png\" alt=\"\" class=\"wp-image-604\" style=\"width:auto;height:500px\" srcset=\"https:\/\/eoipsocommunications.com\/wp-content\/uploads\/MasteringCommunications_U1-1-1.png 600w, https:\/\/eoipsocommunications.com\/wp-content\/uploads\/MasteringCommunications_U1-1-1-203x300.png 203w\" sizes=\"auto, (max-width: 600px) 100vw, 600px\" \/><\/figure>\n<\/div><\/div>\n\n\n\n<div class=\"wp-block-column hidden-md hidden-lg col-12 col-sm-auto is-layout-flow wp-block-column-is-layout-flow\" id=\"block-f2c535b4-966b-4259-8c18-104e789fd757\"><div class=\"wp-block-image is-resized\">\n<figure class=\"aligncenter size-full\"><img loading=\"lazy\" decoding=\"async\" width=\"600\" height=\"888\" src=\"https:\/\/eoipsocommunications.com\/wp-content\/uploads\/MasteringCommunications_U1-1-1.png\" alt=\"\" class=\"wp-image-604\" style=\"width:auto;height:500px\" srcset=\"https:\/\/eoipsocommunications.com\/wp-content\/uploads\/MasteringCommunications_U1-1-1.png 600w, https:\/\/eoipsocommunications.com\/wp-content\/uploads\/MasteringCommunications_U1-1-1-203x300.png 203w\" sizes=\"auto, (max-width: 600px) 100vw, 600px\" \/><\/figure>\n<\/div><\/div>\n\n\n\n<div class=\"wp-block-column col-12 col-sm-auto is-layout-flow wp-block-column-is-layout-flow\" style=\"padding-right:0%;padding-left:0%\" id=\"block-bce7f926-29ee-4c23-bcd4-55cc12dc4c71\"><div  class=\"spacer_wrap\" aria-hidden=\"true\"><div class=\"wp-block-spacer inner-sm inner-md\" style=\"height:calc(101px * 0.2)\" aria-hidden=\"true\"><\/div><div class=\"wp-block-spacer inner-lg\" style=\"height:calc(101px * 0.8)\" aria-hidden=\"true\"><\/div><div class=\"wp-block-spacer inner-xl\" style=\"height:101px\" aria-hidden=\"true\"><\/div><\/div>\n\n\n<p class=\"gs_j2ydXf wp-block-paragraph\"><strong><strong>Mastering Communications: How CEOs and Executives Can Build a Great Reputation in the Digital Age<\/strong><\/strong><\/p>\n\n\n\n<p class=\"gs_3sAR6w wp-block-paragraph\">Was brauchen CEOs und F\u00fchrungskr\u00e4fte, um im digitalen Zeitalter eine hervorragende Reputation aufzubauen und effektiv zu kommunizieren? This book offers practical solutions to navigate the challenging waters of communications. By combining the immutable truisms of CEO communications with the latest digital trends and developments, Mastering Communications gives you the tools to succeed in the 2020s.<\/p>\n\n\n<div  class=\"spacer_wrap\" aria-hidden=\"true\"><div class=\"wp-block-spacer inner-sm inner-md\" style=\"height:calc(60px * 0.2)\" aria-hidden=\"true\"><\/div><div class=\"wp-block-spacer inner-lg\" style=\"height:calc(60px * 0.8)\" aria-hidden=\"true\"><\/div><div class=\"wp-block-spacer inner-xl\" style=\"height:60px\" aria-hidden=\"true\"><\/div><\/div>\n\n<div  class=\"row_wrap\">\n<div class=\"wp-block-columns row_xxl is-layout-flex wp-container-core-columns-is-layout-8f761849 wp-block-columns-is-layout-flex\">\n<div class=\"wp-block-column col-12 col-sm-auto is-layout-flow wp-block-column-is-layout-flow\">\n<div class=\"wp-block-greyd-buttons alignleft\">\n<a  href=\"https:\/\/oliveraust.com\/books\/?add-to-cart=2097\" class=\"button gs_Y0QRx5 \">E-Book kaufen<\/a>\n<\/div>\n<\/div>\n\n\n\n<div class=\"wp-block-column col-12 col-sm-auto is-layout-flow wp-block-column-is-layout-flow\" id=\"block-289515d1-97e3-4f6f-88fd-3dc2e338acaa\"><\/div>\n<\/div>\n<\/div><\/div>\n<\/div>\n<\/div>\n<hr class=\"wp-block-separator has-text-color has-color-32-color has-css-opacity has-color-32-background-color has-background is-style-wide\"\/>\n<div  class=\"spacer_wrap\" aria-hidden=\"true\"><div class=\"wp-block-spacer inner-sm inner-md inner-lg\" style=\"height:calc(68px * 0.8)\" aria-hidden=\"true\"><\/div><div class=\"wp-block-spacer inner-xl\" style=\"height:68px\" aria-hidden=\"true\"><\/div><\/div><div  class=\"row_wrap\">\n<div class=\"wp-block-columns row_xxl is-layout-flex wp-container-core-columns-is-layout-5f1ef6a3 wp-block-columns-is-layout-flex\" id=\"block-088d7e57-eed1-4287-937d-73ae8c78558e\" style=\"padding-right:0px;padding-bottom:0px;padding-left:0%\">\n<div class=\"wp-block-column hidden-xs hidden-sm col-12 col-sm-auto is-layout-flow wp-block-column-is-layout-flow\" id=\"block-f2c535b4-966b-4259-8c18-104e789fd757\"><div class=\"wp-block-image is-resized\">\n<figure class=\"aligncenter size-full\"><img loading=\"lazy\" decoding=\"async\" width=\"600\" height=\"891\" src=\"https:\/\/eoipsocommunications.com\/wp-content\/uploads\/slaCEO-Podcast-Buch-U1-1.jpeg\" alt=\"\" class=\"wp-image-607\" style=\"width:auto;height:500px\" srcset=\"https:\/\/eoipsocommunications.com\/wp-content\/uploads\/slaCEO-Podcast-Buch-U1-1.jpeg 600w, https:\/\/eoipsocommunications.com\/wp-content\/uploads\/slaCEO-Podcast-Buch-U1-1-202x300.jpeg 202w\" sizes=\"auto, (max-width: 600px) 100vw, 600px\" \/><\/figure>\n<\/div><\/div>\n\n\n\n<div class=\"wp-block-column hidden-md hidden-lg col-12 col-sm-auto is-layout-flow wp-block-column-is-layout-flow\" id=\"block-f2c535b4-966b-4259-8c18-104e789fd757\"><div class=\"wp-block-image is-resized\">\n<figure class=\"aligncenter size-full\"><img loading=\"lazy\" decoding=\"async\" width=\"600\" height=\"891\" src=\"https:\/\/eoipsocommunications.com\/wp-content\/uploads\/slaCEO-Podcast-Buch-U1-1.jpeg\" alt=\"\" class=\"wp-image-607\" style=\"width:auto;height:500px\" srcset=\"https:\/\/eoipsocommunications.com\/wp-content\/uploads\/slaCEO-Podcast-Buch-U1-1.jpeg 600w, https:\/\/eoipsocommunications.com\/wp-content\/uploads\/slaCEO-Podcast-Buch-U1-1-202x300.jpeg 202w\" sizes=\"auto, (max-width: 600px) 100vw, 600px\" \/><\/figure>\n<\/div><\/div>\n\n\n\n<div class=\"wp-block-column col-12 col-sm-auto is-layout-flow wp-block-column-is-layout-flow\" id=\"block-869d51dc-6633-40a3-a6c2-ce411f14fa28\"><div  class=\"spacer_wrap\" aria-hidden=\"true\"><div class=\"wp-block-spacer inner-sm inner-md\" style=\"height:calc(101px * 0.2)\" aria-hidden=\"true\"><\/div><div class=\"wp-block-spacer inner-lg\" style=\"height:calc(101px * 0.8)\" aria-hidden=\"true\"><\/div><div class=\"wp-block-spacer inner-xl\" style=\"height:101px\" aria-hidden=\"true\"><\/div><\/div>\n\n\n<p class=\"gs_BXitF4 wp-block-paragraph\"><strong><strong>\u201eHow to Speak Like a CEO: How successful leaders communicate\u201d<\/strong><\/strong><\/p>\n\n\n\n<p class=\"gs_knhCHF wp-block-paragraph\">Dieses inspirierende Buch gibt die Geheimnisse und Fallstricke der CEO-Kommunikation preis. Es basiert auf \u00fcber 30 ausf\u00fchrlichen Podcast-Interviews mit CEOs und Gr\u00fcnderInnen aus Berlin, London und Tel Aviv, in denen der Frage nachgegangen wird, wie CEOs zu Meisterkommunikatoren werden.<\/p>\n\n\n<div  class=\"spacer_wrap\" aria-hidden=\"true\"><div class=\"wp-block-spacer inner-sm inner-md\" style=\"height:calc(60px * 0.2)\" aria-hidden=\"true\"><\/div><div class=\"wp-block-spacer inner-lg\" style=\"height:calc(60px * 0.8)\" aria-hidden=\"true\"><\/div><div class=\"wp-block-spacer inner-xl\" style=\"height:60px\" aria-hidden=\"true\"><\/div><\/div>\n\n<div  class=\"row_wrap\">\n<div class=\"wp-block-columns row_xxl is-layout-flex wp-container-core-columns-is-layout-8f761849 wp-block-columns-is-layout-flex\">\n<div class=\"wp-block-column col-12 col-sm-auto is-layout-flow wp-block-column-is-layout-flow\">\n<div class=\"wp-block-greyd-buttons alignleft\">\n<a  href=\"https:\/\/oliveraust.com\/books\/?add-to-cart=2098\" class=\"button gs_EuhF2m \">E-Book kaufen<\/a>\n<\/div>\n<\/div>\n\n\n\n<div class=\"wp-block-column col-12 col-sm-auto is-layout-flow wp-block-column-is-layout-flow\" id=\"block-289515d1-97e3-4f6f-88fd-3dc2e338acaa\"><\/div>\n<\/div>\n<\/div><\/div>\n<\/div>\n<\/div>\n<div class=\"wp-block-group\"><div class=\"wp-block-group__inner-container is-layout-constrained wp-block-group-is-layout-constrained\"><div id=\"greyd-69df428416141\"  class=\"spacer_wrap row_xxl\" aria-hidden=\"true\"><div class=\"wp-block-spacer inner-sm\" style=\"height:calc(4px * 0.4)\" aria-hidden=\"true\"><\/div><div class=\"wp-block-spacer inner-md\" style=\"height:calc(4px * 0.6)\" aria-hidden=\"true\"><\/div><div class=\"wp-block-spacer inner-lg\" style=\"height:calc(4px * 0.8)\" aria-hidden=\"true\"><\/div><div class=\"wp-block-spacer inner-xl\" style=\"height:4px\" aria-hidden=\"true\"><\/div><\/div>\n\n<div  class=\"spacer_wrap row_xxl\" aria-hidden=\"true\"><div class=\"wp-block-spacer inner-sm\" style=\"height:calc(16px * 0.4)\" aria-hidden=\"true\"><\/div><div class=\"wp-block-spacer inner-md\" style=\"height:calc(16px * 0.6)\" aria-hidden=\"true\"><\/div><div class=\"wp-block-spacer inner-lg\" style=\"height:calc(16px * 0.8)\" aria-hidden=\"true\"><\/div><div class=\"wp-block-spacer inner-xl\" style=\"height:16px\" aria-hidden=\"true\"><\/div><\/div>\n\n<div id=\"greyd-69df428416297\"  class=\"spacer_wrap row_xxl\" aria-hidden=\"true\"><div class=\"wp-block-spacer inner-sm\" style=\"height:calc(4px * 0.4)\" aria-hidden=\"true\"><\/div><div class=\"wp-block-spacer inner-md\" style=\"height:calc(4px * 0.6)\" aria-hidden=\"true\"><\/div><div class=\"wp-block-spacer inner-lg\" style=\"height:calc(4px * 0.8)\" aria-hidden=\"true\"><\/div><div class=\"wp-block-spacer inner-xl\" style=\"height:4px\" aria-hidden=\"true\"><\/div><\/div><\/div><\/div>\n\n\n<div id='footer_spacer' class=\"spacer_wrap row_xxl\" aria-hidden=\"true\"><div class=\"wp-block-spacer inner-sm\" style=\"height:calc(64px * 0.4)\" aria-hidden=\"true\"><\/div><div class=\"wp-block-spacer inner-md\" style=\"height:calc(64px * 0.6)\" aria-hidden=\"true\"><\/div><div class=\"wp-block-spacer inner-lg\" style=\"height:calc(64px * 0.8)\" aria-hidden=\"true\"><\/div><div class=\"wp-block-spacer inner-xl\" style=\"height:64px\" aria-hidden=\"true\"><\/div><\/div><div  class=\"spacer_wrap\" aria-hidden=\"true\"><div class=\"wp-block-spacer inner-sm\" style=\"height:calc(100px * 0.4)\" aria-hidden=\"true\"><\/div><div class=\"wp-block-spacer inner-md\" style=\"height:calc(100px * 0.6)\" aria-hidden=\"true\"><\/div><div class=\"wp-block-spacer inner-lg\" style=\"height:calc(100px * 0.8)\" aria-hidden=\"true\"><\/div><div class=\"wp-block-spacer inner-xl\" style=\"height:100px\" aria-hidden=\"true\"><\/div><\/div>","protected":false},"excerpt":{"rendered":"<p>INSIGHTS Podcast \u201eSpeak Like a CEO\u201c ist der f\u00fchrende Podcast zum Thema CEO-Kommunikation. Jede Woche spricht Oliver Aust mit einem inspirierenden CEO oder einer Gr\u00fcnderin \u00fcber ihre Ans\u00e4tze zu Leadership und Kommunikation. Zu h\u00f6ren auf Apple Podcasts und Spotify. B\u00fccher Message Machine: How Communications Will Make You an Unstoppable Founder In kurzer Zeit ist Message [&hellip;]<\/p>\n","protected":false},"author":3,"featured_media":0,"parent":0,"menu_order":0,"comment_status":"closed","ping_status":"closed","template":"","meta":{"_crdt_document":"","greyd_block_editor_preview":[],"_monsterinsights_skip_tracking":false,"_monsterinsights_sitenote_active":false,"_monsterinsights_sitenote_note":"","_monsterinsights_sitenote_category":0,"footnotes":""},"class_list":["post-807","page","type-page","status-publish","hentry"],"_links":{"self":[{"href":"https:\/\/eoipsocommunications.com\/de\/wp-json\/wp\/v2\/pages\/807","targetHints":{"allow":["GET"]}}],"collection":[{"href":"https:\/\/eoipsocommunications.com\/de\/wp-json\/wp\/v2\/pages"}],"about":[{"href":"https:\/\/eoipsocommunications.com\/de\/wp-json\/wp\/v2\/types\/page"}],"author":[{"embeddable":true,"href":"https:\/\/eoipsocommunications.com\/de\/wp-json\/wp\/v2\/users\/3"}],"replies":[{"embeddable":true,"href":"https:\/\/eoipsocommunications.com\/de\/wp-json\/wp\/v2\/comments?post=807"}],"version-history":[{"count":20,"href":"https:\/\/eoipsocommunications.com\/de\/wp-json\/wp\/v2\/pages\/807\/revisions"}],"predecessor-version":[{"id":2859,"href":"https:\/\/eoipsocommunications.com\/de\/wp-json\/wp\/v2\/pages\/807\/revisions\/2859"}],"wp:attachment":[{"href":"https:\/\/eoipsocommunications.com\/de\/wp-json\/wp\/v2\/media?parent=807"}],"curies":[{"name":"wp","href":"https:\/\/api.w.org\/{rel}","templated":true}]}}