{"id":812,"date":"2021-12-28T15:04:04","date_gmt":"2021-12-28T14:04:04","guid":{"rendered":"https:\/\/eic001.dev.360vier.net\/expertise\/"},"modified":"2023-02-21T16:43:02","modified_gmt":"2023-02-21T15:43:02","slug":"expertise","status":"publish","type":"page","link":"https:\/\/eoipsocommunications.com\/de\/expertise\/","title":{"rendered":"Expertise"},"content":{"rendered":"\n<h2 class=\"wp-block-heading\" id=\"our-expertise\">Unsere Expertise<\/h2>\n<div  class=\"spacer_wrap\" aria-hidden=\"true\"><div class=\"wp-block-spacer inner-sm\" style=\"height:calc(37px * 0.4)\" aria-hidden=\"true\"><\/div><div class=\"wp-block-spacer inner-md\" style=\"height:calc(37px * 0.6)\" aria-hidden=\"true\"><\/div><div class=\"wp-block-spacer inner-lg\" style=\"height:calc(37px * 0.8)\" aria-hidden=\"true\"><\/div><div class=\"wp-block-spacer inner-xl\" style=\"height:37px\" aria-hidden=\"true\"><\/div><\/div><div  class=\"gs_1CTKvz row_wrap has-background\"><div id='bg_69f5cd3352d1c' class='greyd-background bg_full'>\n\t\t\t\t\t\t\t\t\n\t\t\t\t\t\t\t\t<div class='bg_overlay_color'><\/div>\n\t\t\t\t\t\t\t\t\n\t\t\t\t\t\t\t\t\n\t\t\t\t\t\t\t<\/div>\n<div class=\"wp-block-columns row_xxl is-layout-flex wp-container-core-columns-is-layout-8f761849 wp-block-columns-is-layout-flex\">\n<div class=\"wp-block-column col-12 col-sm-auto is-layout-flow wp-block-column-is-layout-flow\">\n<h4 class=\"wp-block-heading\" id=\"ceo-communication\">CEO-Kommunikation<\/h4>\n\n\n\n<hr class=\"wp-block-separator has-text-color has-color-32-color has-css-opacity has-color-32-background-color has-background is-style-wide\"\/>\n\n\n\n<p class=\"row_xxl gs_EboU0X wp-block-paragraph\">Die Kommunikation der Gr\u00fcndenden oder CEOs treibt mehr denn je den Erfolg eines Unternehmens. Wer Story und Mission klar kommunizieren und interne, externe Zielgruppen sowie Investoren begeistert, entfaltet die gr\u00f6\u00dfte Wirkung. <\/p>\n\n\n\n<p class=\"row_xxl gs_bJY4L5 wp-block-paragraph\">Jeder kann Kommunikation meistern, unabh\u00e4ngig von Neigung oder Hintergrund. Wir helfen Gr\u00fcnder:innen, klar zu kommunizieren, so dass sie erfolgreiche Unternehmen und effektive Leadership-Teams aufbauen und zu wirklichen Meinungsf\u00fchrer werden.<\/p>\n<\/div>\n\n\n\n<div class=\"wp-block-column col-12 col-sm-auto is-layout-flow wp-block-column-is-layout-flow\">\n<h4 class=\"wp-block-heading\" id=\"crisis-communication\">Startup-Kommunikation<\/h4>\n\n\n\n<hr class=\"wp-block-separator has-text-color has-color-32-color has-css-opacity has-color-32-background-color has-background is-style-wide\"\/>\n\n\n\n<p class=\"gs_d26sho wp-block-paragraph\">Wir alle wissen, dass ein Startup ohne Aufmerksamkeit unter Investoren, Talenten und Kunden keine Chance hat. Darum ben\u00f6tigt jedes Unternehmen sowohl Product-Market Fit als auch Message-Market Fit. <\/p>\n\n\n\n<p class=\"gs_Gchr9v wp-block-paragraph\">Wir arbeiten mit Startups an der Umsetzung ihrer Ziele in Narrative, \u00fcberzeugende Botschaften und zielgruppengerechte Stories. Startups, die mit solch vollkommener Klarheit kommunizieren, nennen wir Message Machine. Sie werden als einzigartig wahrgenommen und ziehen Investoren, Kunden und Top-Talente an, die Teil der Story sein wollen.<\/p>\n<\/div>\n\n\n\n<div class=\"wp-block-column col-12 col-sm-auto is-layout-flow wp-block-column-is-layout-flow\">\n<h4 class=\"wp-block-heading\" id=\"employer-branding\">Krisenkommunikation<\/h4>\n\n\n\n<hr class=\"wp-block-separator has-text-color has-color-32-color has-css-opacity has-color-32-background-color has-background is-style-wide\"\/>\n\n\n\n<p class=\"gs_jf0Vkv wp-block-paragraph\">Eine Krise kann \u00fcber Erfolg und Misserfolg eines Unternehmens entscheiden. Cyberkriminelle erbeuten Kundendaten, oder ein Teil der Belegschaft wird entlassen. In kritischen Situationen entscheidet die richtige Kommunikation, ob ein Unternehmen gest\u00e4rkt oder geschw\u00e4cht daraus hervorgeht. <\/p>\n\n\n\n<p class=\"gs_7esrZO wp-block-paragraph\">Entscheidend ist dabei die Vorbereitung. Wir bieten Krisenplanung, -vorbereitung und -training sowie Beratung und Unterst\u00fctzung vor Ort, wenn Sie sie am meisten ben\u00f6tigen. Mit der richtigen Reaktion auf eine Krise k\u00f6nnen Sie Ihre Reputation auch in den schwierigsten Situationen st\u00e4rken. <\/p>\n<\/div>\n<\/div>\n<\/div><div  class=\"spacer_wrap\" aria-hidden=\"true\"><div class=\"wp-block-spacer inner-sm\" style=\"height:calc(100px * 0.4)\" aria-hidden=\"true\"><\/div><div class=\"wp-block-spacer inner-md\" style=\"height:calc(100px * 0.6)\" aria-hidden=\"true\"><\/div><div class=\"wp-block-spacer inner-lg\" style=\"height:calc(100px * 0.8)\" aria-hidden=\"true\"><\/div><div class=\"wp-block-spacer inner-xl\" style=\"height:100px\" aria-hidden=\"true\"><\/div><\/div><div  class=\"row_wrap\">\n<div class=\"wp-block-columns row_xxl is-layout-flex wp-container-core-columns-is-layout-8f761849 wp-block-columns-is-layout-flex\">\n<div class=\"wp-block-column col-12 col-sm-6 col-md-6 col-lg-auto is-layout-flow wp-block-column-is-layout-flow\" style=\"padding-top:0;padding-right:0;padding-bottom:0;padding-left:0\">\n<p class=\"row_xxl wp-block-paragraph\" style=\"font-size:0.8em\"><span style=\"color:#DA5125\" class=\"tadv-color\">NEWSLETTER<\/span><\/p>\n\n\n\n<p class=\"row_xxl wp-block-paragraph\">Newsletter abonnieren und kostenlos das erste Kapitel von Message Machine bekommen.<\/p>\n\n\n<div class=\"convertkit-form wp-block-convertkit-form\" style=\"\"><script async data-uid=\"7e76a0df62\" src=\"https:\/\/eo-ipso-comms.ck.page\/7e76a0df62\/index.js\" data-jetpack-boost=\"ignore\" data-no-defer=\"1\" data-no-optimize=\"1\" nowprocket><\/script><\/div><\/div>\n\n\n\n<div class=\"wp-block-column is-vertically-aligned-top col-12 col-sm-auto is-layout-flow wp-block-column-is-layout-flow\" style=\"padding-top:0;padding-right:0;padding-bottom:0;padding-left:10%\" id=\"block-c4fe472f-930f-4b9d-907a-2378bf08bdef\">\n<p class=\"row_xxl has-color-11-color has-text-color wp-block-paragraph\" style=\"font-size:0.8em\"><span style=\"color:#DA5125\" class=\"tadv-color\">KONTAKT<\/span><\/p>\n\n\n\n<p>Eo Ipso Communications GmbH<br\/>\nFriedrichstrasse 68<br\/>\n10117 Berlin<br\/>\n<a href=\"mailto:info@eoipsocommunications.com\" style=\"color: #232323\">info@eoipsocommunications.com<\/a> <br\/> \n<a href=\"tel:+49(0)16092903245\" style=\"color: #232323\">+49 (0) 160 9290 3245<\/a><\/p>\n\n\n<div  class=\"spacer_wrap\" aria-hidden=\"true\"><div class=\"wp-block-spacer inner-sm\" style=\"height:calc(24px * 0.4)\" aria-hidden=\"true\"><\/div><div class=\"wp-block-spacer inner-md\" style=\"height:calc(24px * 0.6)\" aria-hidden=\"true\"><\/div><div class=\"wp-block-spacer inner-lg\" style=\"height:calc(24px * 0.8)\" aria-hidden=\"true\"><\/div><div class=\"wp-block-spacer inner-xl\" style=\"height:24px\" aria-hidden=\"true\"><\/div><\/div>\n\n<div  class=\"row_wrap\">\n<div class=\"wp-block-columns is-not-stacked-on-mobile row_xxl is-layout-flex wp-container-core-columns-is-layout-8f761849 wp-block-columns-is-layout-flex\">\n<div class=\"wp-block-column hidden-xs hidden-sm col-12 col-sm-auto is-layout-flow wp-block-column-is-layout-flow\" id=\"block-5fc0e4d7-52a9-415b-a6a8-7903ce316ba3\">\n<ul class=\"wp-block-social-links has-large-icon-size has-icon-color is-style-logos-only is-layout-flex wp-block-social-links-is-layout-flex\"><li style=\"color:#da5125;\" class=\"wp-social-link wp-social-link-instagram has-color-11-color wp-block-social-link\"><a href=\"https:\/\/www.instagram.com\/eoipsocomms\/?hl=de\" class=\"wp-block-social-link-anchor\"><svg width=\"24\" height=\"24\" viewBox=\"0 0 24 24\" version=\"1.1\" xmlns=\"http:\/\/www.w3.org\/2000\/svg\" aria-hidden=\"true\" focusable=\"false\"><path d=\"M12,4.622c2.403,0,2.688,0.009,3.637,0.052c0.877,0.04,1.354,0.187,1.671,0.31c0.42,0.163,0.72,0.358,1.035,0.673 c0.315,0.315,0.51,0.615,0.673,1.035c0.123,0.317,0.27,0.794,0.31,1.671c0.043,0.949,0.052,1.234,0.052,3.637 s-0.009,2.688-0.052,3.637c-0.04,0.877-0.187,1.354-0.31,1.671c-0.163,0.42-0.358,0.72-0.673,1.035 c-0.315,0.315-0.615,0.51-1.035,0.673c-0.317,0.123-0.794,0.27-1.671,0.31c-0.949,0.043-1.233,0.052-3.637,0.052 s-2.688-0.009-3.637-0.052c-0.877-0.04-1.354-0.187-1.671-0.31c-0.42-0.163-0.72-0.358-1.035-0.673 c-0.315-0.315-0.51-0.615-0.673-1.035c-0.123-0.317-0.27-0.794-0.31-1.671C4.631,14.688,4.622,14.403,4.622,12 s0.009-2.688,0.052-3.637c0.04-0.877,0.187-1.354,0.31-1.671c0.163-0.42,0.358-0.72,0.673-1.035 c0.315-0.315,0.615-0.51,1.035-0.673c0.317-0.123,0.794-0.27,1.671-0.31C9.312,4.631,9.597,4.622,12,4.622 M12,3 C9.556,3,9.249,3.01,8.289,3.054C7.331,3.098,6.677,3.25,6.105,3.472C5.513,3.702,5.011,4.01,4.511,4.511 c-0.5,0.5-0.808,1.002-1.038,1.594C3.25,6.677,3.098,7.331,3.054,8.289C3.01,9.249,3,9.556,3,12c0,2.444,0.01,2.751,0.054,3.711 c0.044,0.958,0.196,1.612,0.418,2.185c0.23,0.592,0.538,1.094,1.038,1.594c0.5,0.5,1.002,0.808,1.594,1.038 c0.572,0.222,1.227,0.375,2.185,0.418C9.249,20.99,9.556,21,12,21s2.751-0.01,3.711-0.054c0.958-0.044,1.612-0.196,2.185-0.418 c0.592-0.23,1.094-0.538,1.594-1.038c0.5-0.5,0.808-1.002,1.038-1.594c0.222-0.572,0.375-1.227,0.418-2.185 C20.99,14.751,21,14.444,21,12s-0.01-2.751-0.054-3.711c-0.044-0.958-0.196-1.612-0.418-2.185c-0.23-0.592-0.538-1.094-1.038-1.594 c-0.5-0.5-1.002-0.808-1.594-1.038c-0.572-0.222-1.227-0.375-2.185-0.418C14.751,3.01,14.444,3,12,3L12,3z M12,7.378 c-2.552,0-4.622,2.069-4.622,4.622S9.448,16.622,12,16.622s4.622-2.069,4.622-4.622S14.552,7.378,12,7.378z M12,15 c-1.657,0-3-1.343-3-3s1.343-3,3-3s3,1.343,3,3S13.657,15,12,15z M16.804,6.116c-0.596,0-1.08,0.484-1.08,1.08 s0.484,1.08,1.08,1.08c0.596,0,1.08-0.484,1.08-1.08S17.401,6.116,16.804,6.116z\"><\/path><\/svg><span class=\"wp-block-social-link-label screen-reader-text\">Instagram<\/span><\/a><\/li><\/ul>\n<\/div>\n\n\n\n<div class=\"wp-block-column hidden-xs hidden-sm col-12 col-sm-auto is-layout-flow wp-block-column-is-layout-flow\" id=\"block-57222a16-5528-4b04-9951-3ec5e2de923c\">\n<ul class=\"wp-block-social-links has-large-icon-size has-icon-color is-style-logos-only is-layout-flex wp-block-social-links-is-layout-flex\"><li style=\"color:#da5125;\" class=\"wp-social-link wp-social-link-linkedin has-color-11-color wp-block-social-link\"><a href=\"https:\/\/de.linkedin.com\/company\/eo-ipso-communications\" class=\"wp-block-social-link-anchor\"><svg width=\"24\" height=\"24\" viewBox=\"0 0 24 24\" version=\"1.1\" xmlns=\"http:\/\/www.w3.org\/2000\/svg\" aria-hidden=\"true\" focusable=\"false\"><path d=\"M19.7,3H4.3C3.582,3,3,3.582,3,4.3v15.4C3,20.418,3.582,21,4.3,21h15.4c0.718,0,1.3-0.582,1.3-1.3V4.3 C21,3.582,20.418,3,19.7,3z M8.339,18.338H5.667v-8.59h2.672V18.338z M7.004,8.574c-0.857,0-1.549-0.694-1.549-1.548 c0-0.855,0.691-1.548,1.549-1.548c0.854,0,1.547,0.694,1.547,1.548C8.551,7.881,7.858,8.574,7.004,8.574z M18.339,18.338h-2.669 v-4.177c0-0.996-0.017-2.278-1.387-2.278c-1.389,0-1.601,1.086-1.601,2.206v4.249h-2.667v-8.59h2.559v1.174h0.037 c0.356-0.675,1.227-1.387,2.526-1.387c2.703,0,3.203,1.779,3.203,4.092V18.338z\"><\/path><\/svg><span class=\"wp-block-social-link-label screen-reader-text\">LinkedIn<\/span><\/a><\/li><\/ul>\n<\/div>\n\n\n\n<div class=\"wp-block-column hidden-xs hidden-sm col-12 col-sm-auto is-layout-flow wp-block-column-is-layout-flow\" id=\"block-68521c3e-85a3-4161-a08f-bc6fb373fa0c\">\n<ul class=\"wp-block-social-links has-large-icon-size has-icon-color is-style-logos-only is-layout-flex wp-block-social-links-is-layout-flex\"><li style=\"color:#da5125;\" class=\"wp-social-link wp-social-link-youtube has-color-11-color wp-block-social-link\"><a href=\"https:\/\/www.youtube.com\/channel\/UC_L5I1LLUrTvZv7ykpcgxHA\/videos\" class=\"wp-block-social-link-anchor\"><svg width=\"24\" height=\"24\" viewBox=\"0 0 24 24\" version=\"1.1\" xmlns=\"http:\/\/www.w3.org\/2000\/svg\" aria-hidden=\"true\" focusable=\"false\"><path d=\"M21.8,8.001c0,0-0.195-1.378-0.795-1.985c-0.76-0.797-1.613-0.801-2.004-0.847c-2.799-0.202-6.997-0.202-6.997-0.202 h-0.009c0,0-4.198,0-6.997,0.202C4.608,5.216,3.756,5.22,2.995,6.016C2.395,6.623,2.2,8.001,2.2,8.001S2,9.62,2,11.238v1.517 c0,1.618,0.2,3.237,0.2,3.237s0.195,1.378,0.795,1.985c0.761,0.797,1.76,0.771,2.205,0.855c1.6,0.153,6.8,0.201,6.8,0.201 s4.203-0.006,7.001-0.209c0.391-0.047,1.243-0.051,2.004-0.847c0.6-0.607,0.795-1.985,0.795-1.985s0.2-1.618,0.2-3.237v-1.517 C22,9.62,21.8,8.001,21.8,8.001z M9.935,14.594l-0.001-5.62l5.404,2.82L9.935,14.594z\"><\/path><\/svg><span class=\"wp-block-social-link-label screen-reader-text\">YouTube<\/span><\/a><\/li><\/ul>\n<\/div>\n<\/div>\n<\/div><\/div>\n<\/div>\n<\/div><div  class=\"row_wrap has-background\"><div id='bg_69f5cd33596e7' class='greyd-background bg_full'>\n\t\t\t\t\t\t\t\t\n\t\t\t\t\t\t\t\t<div class='bg_overlay_color'><\/div>\n\t\t\t\t\t\t\t\t\n\t\t\t\t\t\t\t\t\n\t\t\t\t\t\t\t<\/div>\n<div class=\"wp-block-columns is-not-stacked-on-mobile row_xxl is-layout-flex wp-container-core-columns-is-layout-8f761849 wp-block-columns-is-layout-flex\">\n<div class=\"wp-block-column hidden-md hidden-lg col-4 col-sm-auto is-layout-flow wp-block-column-is-layout-flow\" id=\"block-59120601-4379-4fc1-89c7-baea25cfc30b\">\n<ul id=\"wp-container-69f5cd33566bc\" class=\"wp-block-social-links has-large-icon-size has-icon-color is-style-logos-only is-content-justification-left is-layout-flex wp-container-core-social-links-is-layout-63375db1 wp-block-social-links-is-layout-flex\"><li style=\"color:#da5125;\" class=\"wp-social-link wp-social-link-instagram has-color-11-color wp-block-social-link\"><a href=\"https:\/\/www.instagram.com\/eoipsocomms\/?hl=de\" class=\"wp-block-social-link-anchor\"><svg width=\"24\" height=\"24\" viewBox=\"0 0 24 24\" version=\"1.1\" xmlns=\"http:\/\/www.w3.org\/2000\/svg\" aria-hidden=\"true\" focusable=\"false\"><path d=\"M12,4.622c2.403,0,2.688,0.009,3.637,0.052c0.877,0.04,1.354,0.187,1.671,0.31c0.42,0.163,0.72,0.358,1.035,0.673 c0.315,0.315,0.51,0.615,0.673,1.035c0.123,0.317,0.27,0.794,0.31,1.671c0.043,0.949,0.052,1.234,0.052,3.637 s-0.009,2.688-0.052,3.637c-0.04,0.877-0.187,1.354-0.31,1.671c-0.163,0.42-0.358,0.72-0.673,1.035 c-0.315,0.315-0.615,0.51-1.035,0.673c-0.317,0.123-0.794,0.27-1.671,0.31c-0.949,0.043-1.233,0.052-3.637,0.052 s-2.688-0.009-3.637-0.052c-0.877-0.04-1.354-0.187-1.671-0.31c-0.42-0.163-0.72-0.358-1.035-0.673 c-0.315-0.315-0.51-0.615-0.673-1.035c-0.123-0.317-0.27-0.794-0.31-1.671C4.631,14.688,4.622,14.403,4.622,12 s0.009-2.688,0.052-3.637c0.04-0.877,0.187-1.354,0.31-1.671c0.163-0.42,0.358-0.72,0.673-1.035 c0.315-0.315,0.615-0.51,1.035-0.673c0.317-0.123,0.794-0.27,1.671-0.31C9.312,4.631,9.597,4.622,12,4.622 M12,3 C9.556,3,9.249,3.01,8.289,3.054C7.331,3.098,6.677,3.25,6.105,3.472C5.513,3.702,5.011,4.01,4.511,4.511 c-0.5,0.5-0.808,1.002-1.038,1.594C3.25,6.677,3.098,7.331,3.054,8.289C3.01,9.249,3,9.556,3,12c0,2.444,0.01,2.751,0.054,3.711 c0.044,0.958,0.196,1.612,0.418,2.185c0.23,0.592,0.538,1.094,1.038,1.594c0.5,0.5,1.002,0.808,1.594,1.038 c0.572,0.222,1.227,0.375,2.185,0.418C9.249,20.99,9.556,21,12,21s2.751-0.01,3.711-0.054c0.958-0.044,1.612-0.196,2.185-0.418 c0.592-0.23,1.094-0.538,1.594-1.038c0.5-0.5,0.808-1.002,1.038-1.594c0.222-0.572,0.375-1.227,0.418-2.185 C20.99,14.751,21,14.444,21,12s-0.01-2.751-0.054-3.711c-0.044-0.958-0.196-1.612-0.418-2.185c-0.23-0.592-0.538-1.094-1.038-1.594 c-0.5-0.5-1.002-0.808-1.594-1.038c-0.572-0.222-1.227-0.375-2.185-0.418C14.751,3.01,14.444,3,12,3L12,3z M12,7.378 c-2.552,0-4.622,2.069-4.622,4.622S9.448,16.622,12,16.622s4.622-2.069,4.622-4.622S14.552,7.378,12,7.378z M12,15 c-1.657,0-3-1.343-3-3s1.343-3,3-3s3,1.343,3,3S13.657,15,12,15z M16.804,6.116c-0.596,0-1.08,0.484-1.08,1.08 s0.484,1.08,1.08,1.08c0.596,0,1.08-0.484,1.08-1.08S17.401,6.116,16.804,6.116z\"><\/path><\/svg><span class=\"wp-block-social-link-label screen-reader-text\">Instagram<\/span><\/a><\/li><\/ul>\n<\/div>\n\n\n\n<div class=\"wp-block-column hidden-md hidden-lg col-4 col-sm-auto is-layout-flow wp-block-column-is-layout-flow\" id=\"block-3c79c99b-929c-44be-be81-924a7cb2da77\">\n<ul id=\"wp-container-69f5cd3358e6a\" class=\"wp-block-social-links has-large-icon-size has-icon-color is-style-logos-only is-content-justification-left is-layout-flex wp-container-core-social-links-is-layout-63375db1 wp-block-social-links-is-layout-flex\"><li style=\"color:#da5125;\" class=\"wp-social-link wp-social-link-linkedin has-color-11-color wp-block-social-link\"><a href=\"https:\/\/de.linkedin.com\/company\/eo-ipso-communications\" class=\"wp-block-social-link-anchor\"><svg width=\"24\" height=\"24\" viewBox=\"0 0 24 24\" version=\"1.1\" xmlns=\"http:\/\/www.w3.org\/2000\/svg\" aria-hidden=\"true\" focusable=\"false\"><path d=\"M19.7,3H4.3C3.582,3,3,3.582,3,4.3v15.4C3,20.418,3.582,21,4.3,21h15.4c0.718,0,1.3-0.582,1.3-1.3V4.3 C21,3.582,20.418,3,19.7,3z M8.339,18.338H5.667v-8.59h2.672V18.338z M7.004,8.574c-0.857,0-1.549-0.694-1.549-1.548 c0-0.855,0.691-1.548,1.549-1.548c0.854,0,1.547,0.694,1.547,1.548C8.551,7.881,7.858,8.574,7.004,8.574z M18.339,18.338h-2.669 v-4.177c0-0.996-0.017-2.278-1.387-2.278c-1.389,0-1.601,1.086-1.601,2.206v4.249h-2.667v-8.59h2.559v1.174h0.037 c0.356-0.675,1.227-1.387,2.526-1.387c2.703,0,3.203,1.779,3.203,4.092V18.338z\"><\/path><\/svg><span class=\"wp-block-social-link-label screen-reader-text\">LinkedIn<\/span><\/a><\/li><\/ul>\n<\/div>\n\n\n\n<div class=\"wp-block-column hidden-md hidden-lg col-4 col-sm-auto is-layout-flow wp-block-column-is-layout-flow\" id=\"block-3e5fb3ff-0721-4dbe-b5cd-94f5dd41383b\">\n<ul id=\"wp-container-69f5cd3359577\" class=\"wp-block-social-links has-large-icon-size has-icon-color is-style-logos-only is-content-justification-left is-layout-flex wp-container-core-social-links-is-layout-63375db1 wp-block-social-links-is-layout-flex\"><li style=\"color:#da5125;\" class=\"wp-social-link wp-social-link-youtube has-color-11-color wp-block-social-link\"><a href=\"https:\/\/www.youtube.com\/channel\/UC_L5I1LLUrTvZv7ykpcgxHA\/videos\" class=\"wp-block-social-link-anchor\"><svg width=\"24\" height=\"24\" viewBox=\"0 0 24 24\" version=\"1.1\" xmlns=\"http:\/\/www.w3.org\/2000\/svg\" aria-hidden=\"true\" focusable=\"false\"><path d=\"M21.8,8.001c0,0-0.195-1.378-0.795-1.985c-0.76-0.797-1.613-0.801-2.004-0.847c-2.799-0.202-6.997-0.202-6.997-0.202 h-0.009c0,0-4.198,0-6.997,0.202C4.608,5.216,3.756,5.22,2.995,6.016C2.395,6.623,2.2,8.001,2.2,8.001S2,9.62,2,11.238v1.517 c0,1.618,0.2,3.237,0.2,3.237s0.195,1.378,0.795,1.985c0.761,0.797,1.76,0.771,2.205,0.855c1.6,0.153,6.8,0.201,6.8,0.201 s4.203-0.006,7.001-0.209c0.391-0.047,1.243-0.051,2.004-0.847c0.6-0.607,0.795-1.985,0.795-1.985s0.2-1.618,0.2-3.237v-1.517 C22,9.62,21.8,8.001,21.8,8.001z M9.935,14.594l-0.001-5.62l5.404,2.82L9.935,14.594z\"><\/path><\/svg><span class=\"wp-block-social-link-label screen-reader-text\">YouTube<\/span><\/a><\/li><\/ul>\n<\/div>\n<\/div>\n<\/div>","protected":false},"excerpt":{"rendered":"<p>Unsere Expertise CEO-Kommunikation Die Kommunikation der Gr\u00fcndenden oder CEOs treibt mehr denn je den Erfolg eines Unternehmens. Wer Story und Mission klar kommunizieren und interne, externe Zielgruppen sowie Investoren begeistert, entfaltet die gr\u00f6\u00dfte Wirkung. Jeder kann Kommunikation meistern, unabh\u00e4ngig von Neigung oder Hintergrund. Wir helfen Gr\u00fcnder:innen, klar zu kommunizieren, so dass sie erfolgreiche Unternehmen und [&hellip;]<\/p>\n","protected":false},"author":3,"featured_media":0,"parent":0,"menu_order":0,"comment_status":"closed","ping_status":"closed","template":"","meta":{"_crdt_document":"","greyd_block_editor_preview":[],"_monsterinsights_skip_tracking":false,"_monsterinsights_sitenote_active":false,"_monsterinsights_sitenote_note":"","_monsterinsights_sitenote_category":0,"_wp_convertkit_post_meta":{"form":"-1","landing_page":"0","tag":"0","restrict_content":"0"},"footnotes":""},"class_list":["post-812","page","type-page","status-publish","hentry"],"_links":{"self":[{"href":"https:\/\/eoipsocommunications.com\/de\/wp-json\/wp\/v2\/pages\/812","targetHints":{"allow":["GET"]}}],"collection":[{"href":"https:\/\/eoipsocommunications.com\/de\/wp-json\/wp\/v2\/pages"}],"about":[{"href":"https:\/\/eoipsocommunications.com\/de\/wp-json\/wp\/v2\/types\/page"}],"author":[{"embeddable":true,"href":"https:\/\/eoipsocommunications.com\/de\/wp-json\/wp\/v2\/users\/3"}],"replies":[{"embeddable":true,"href":"https:\/\/eoipsocommunications.com\/de\/wp-json\/wp\/v2\/comments?post=812"}],"version-history":[{"count":7,"href":"https:\/\/eoipsocommunications.com\/de\/wp-json\/wp\/v2\/pages\/812\/revisions"}],"predecessor-version":[{"id":1715,"href":"https:\/\/eoipsocommunications.com\/de\/wp-json\/wp\/v2\/pages\/812\/revisions\/1715"}],"wp:attachment":[{"href":"https:\/\/eoipsocommunications.com\/de\/wp-json\/wp\/v2\/media?parent=812"}],"curies":[{"name":"wp","href":"https:\/\/api.w.org\/{rel}","templated":true}]}}